{"id":34,"date":"2019-02-08T19:58:08","date_gmt":"2019-02-08T19:58:08","guid":{"rendered":"http:\/\/www.ugyvedno.com\/?page_id=34"},"modified":"2024-12-27T09:45:15","modified_gmt":"2024-12-27T09:45:15","slug":"bemutatkozas","status":"publish","type":"page","link":"https:\/\/www.ugyvedno.com\/","title":{"rendered":"F\u0150OLDAL"},"content":{"rendered":"\t\t<div data-elementor-type=\"wp-page\" data-elementor-id=\"34\" class=\"elementor elementor-34\">\n\t\t\t\t\t\t\t\t\t<section class=\"elementor-section elementor-top-section elementor-element elementor-element-579dcc1 elementor-section-boxed elementor-section-height-default elementor-section-height-default\" data-id=\"579dcc1\" data-element_type=\"section\">\n\t\t\t\t\t\t<div class=\"elementor-container elementor-column-gap-default\">\n\t\t\t\t\t<div class=\"elementor-column elementor-col-100 elementor-top-column elementor-element elementor-element-98e6bc8\" data-id=\"98e6bc8\" data-element_type=\"column\">\n\t\t\t<div class=\"elementor-widget-wrap\">\n\t\t\t\t\t\t\t\t\t<\/div>\n\t\t<\/div>\n\t\t\t\t\t\t\t<\/div>\n\t\t<\/section>\n\t\t\t\t<section class=\"elementor-section elementor-top-section elementor-element elementor-element-b91e7dc elementor-section-boxed elementor-section-height-default elementor-section-height-default\" data-id=\"b91e7dc\" data-element_type=\"section\" id=\"hero-section\">\n\t\t\t\t\t\t<div class=\"elementor-container elementor-column-gap-default\">\n\t\t\t\t\t<div class=\"elementor-column elementor-col-50 elementor-top-column elementor-element elementor-element-d5d3337\" data-id=\"d5d3337\" data-element_type=\"column\">\n\t\t\t<div class=\"elementor-widget-wrap elementor-element-populated\">\n\t\t\t\t\t\t\t\t<div class=\"elementor-element elementor-element-4250d979 elementor-widget elementor-widget-text-editor\" data-id=\"4250d979\" data-element_type=\"widget\" data-widget_type=\"text-editor.default\">\n\t\t\t\t<div class=\"elementor-widget-container\">\n\t\t\t<style>\/*! elementor - v3.18.0 - 20-12-2023 *\/\n.elementor-widget-text-editor.elementor-drop-cap-view-stacked .elementor-drop-cap{background-color:#69727d;color:#fff}.elementor-widget-text-editor.elementor-drop-cap-view-framed .elementor-drop-cap{color:#69727d;border:3px solid;background-color:transparent}.elementor-widget-text-editor:not(.elementor-drop-cap-view-default) .elementor-drop-cap{margin-top:8px}.elementor-widget-text-editor:not(.elementor-drop-cap-view-default) .elementor-drop-cap-letter{width:1em;height:1em}.elementor-widget-text-editor .elementor-drop-cap{float:left;text-align:center;line-height:1;font-size:50px}.elementor-widget-text-editor .elementor-drop-cap-letter{display:inline-block}<\/style>\t\t\t\t<p><!-- wp:paragraph --><\/p>\n<p>Dr. And\u00f3 Andrea vagyok, \u00fcdv\u00f6zl\u00f6m az \u00fcgyv\u00e9di irod\u00e1m honlapj\u00e1n!<\/p>\n<p><!-- \/wp:paragraph --><\/p>\n<p><!-- wp:paragraph --><\/p>\n<p><!-- \/wp:paragraph --><\/p>\n<p><!-- wp:paragraph {\"align\":\"left\"} --><\/p>\n<p class=\"has-text-align-left\">A 2010-ben alap\u00edtott irod\u00e1m a polg\u00e1ri jog ter\u00fclet\u00e9n ny\u00fajt sz\u00e9lesk\u00f6r\u0171 szolg\u00e1ltat\u00e1st.<br \/>\u00dcgyfeleimnek leggyakrabban csal\u00e1djoggal, \u00f6r\u00f6kl\u00e9si joggal, t\u00e1rsas\u00e1gi joggal, ingatlan joggal,\u00a0valamint munkajoggal \u00f6sszef\u00fcgg\u0151 \u00fcgyekben ny\u00fajtok jogi seg\u00edts\u00e9get.<\/p>\n<p><!-- \/wp:paragraph --><\/p>\n<p><!-- wp:paragraph --><\/p>\n<p>Kiz\u00e1r\u00f3lag szem\u00e9lyesen, az els\u0151 besz\u00e9lget\u00e9st\u0151l az \u00fcgy sor\u00e1n v\u00e9gig egyszem\u00e9lyben \u00e9s csak \u00e9n\u00a0viszem az \u00fcgy\u00e9t, melyre kell\u0151 figyelmet \u00e9s id\u0151t sz\u00e1nok.<\/p>\n<p><!-- \/wp:paragraph --><\/p>\n<p><!-- wp:paragraph --><\/p>\n<p>\u00dcgyfeleimre \u00f6sszpontos\u00edtva, gyakorlati megk\u00f6zel\u00edt\u00e9ssel l\u00e1tom el a jogi k\u00e9pviselet\u00fcket, el\u0151zetes megbesz\u00e9l\u00e9s\u00fcnk alapj\u00e1n m\u00e1s szakemberekkel is egy\u00fcttm\u0171k\u00f6dve.<\/p>\n<p><!-- \/wp:paragraph --><\/p>\t\t\t\t\t\t<\/div>\n\t\t\t\t<\/div>\n\t\t\t\t\t<\/div>\n\t\t<\/div>\n\t\t\t\t<div class=\"elementor-column elementor-col-50 elementor-top-column elementor-element elementor-element-eabaf68\" data-id=\"eabaf68\" data-element_type=\"column\">\n\t\t\t<div class=\"elementor-widget-wrap elementor-element-populated\">\n\t\t\t\t\t\t\t\t<div class=\"elementor-element elementor-element-dd77f67 elementor-widget elementor-widget-image\" data-id=\"dd77f67\" data-element_type=\"widget\" data-widget_type=\"image.default\">\n\t\t\t\t<div class=\"elementor-widget-container\">\n\t\t\t<style>\/*! elementor - v3.18.0 - 20-12-2023 *\/\n.elementor-widget-image{text-align:center}.elementor-widget-image a{display:inline-block}.elementor-widget-image a img[src$=\".svg\"]{width:48px}.elementor-widget-image img{vertical-align:middle;display:inline-block}<\/style>\t\t\t\t\t\t\t\t\t\t\t\t<img fetchpriority=\"high\" decoding=\"async\" width=\"227\" height=\"300\" src=\"https:\/\/www.ugyvedno.com\/wp-content\/uploads\/2024\/12\/002a-227x300.jpg\" class=\"attachment-medium size-medium wp-image-245\" alt=\"\" srcset=\"https:\/\/www.ugyvedno.com\/wp-content\/uploads\/2024\/12\/002a-227x300.jpg 227w, https:\/\/www.ugyvedno.com\/wp-content\/uploads\/2024\/12\/002a-776x1024.jpg 776w, https:\/\/www.ugyvedno.com\/wp-content\/uploads\/2024\/12\/002a-768x1013.jpg 768w, https:\/\/www.ugyvedno.com\/wp-content\/uploads\/2024\/12\/002a-1165x1536.jpg 1165w, https:\/\/www.ugyvedno.com\/wp-content\/uploads\/2024\/12\/002a-1553x2048.jpg 1553w, https:\/\/www.ugyvedno.com\/wp-content\/uploads\/2024\/12\/002a-scaled.jpg 1941w\" sizes=\"(max-width: 227px) 100vw, 227px\" \/>\t\t\t\t\t\t\t\t\t\t\t\t\t\t\t<\/div>\n\t\t\t\t<\/div>\n\t\t\t\t\t<\/div>\n\t\t<\/div>\n\t\t\t\t\t\t\t<\/div>\n\t\t<\/section>\n\t\t\t\t<section class=\"elementor-section elementor-top-section elementor-element elementor-element-2eca718 elementor-section-boxed elementor-section-height-default elementor-section-height-default\" data-id=\"2eca718\" data-element_type=\"section\">\n\t\t\t\t\t\t<div class=\"elementor-container elementor-column-gap-default\">\n\t\t\t\t\t<div class=\"elementor-column elementor-col-100 elementor-top-column elementor-element elementor-element-0027ea7\" data-id=\"0027ea7\" data-element_type=\"column\">\n\t\t\t<div class=\"elementor-widget-wrap elementor-element-populated\">\n\t\t\t\t\t\t\t\t<div class=\"elementor-element elementor-element-1c852ca elementor-widget elementor-widget-heading\" data-id=\"1c852ca\" data-element_type=\"widget\" data-widget_type=\"heading.default\">\n\t\t\t\t<div class=\"elementor-widget-container\">\n\t\t\t<style>\/*! elementor - v3.18.0 - 20-12-2023 *\/\n.elementor-heading-title{padding:0;margin:0;line-height:1}.elementor-widget-heading .elementor-heading-title[class*=elementor-size-]>a{color:inherit;font-size:inherit;line-height:inherit}.elementor-widget-heading .elementor-heading-title.elementor-size-small{font-size:15px}.elementor-widget-heading .elementor-heading-title.elementor-size-medium{font-size:19px}.elementor-widget-heading .elementor-heading-title.elementor-size-large{font-size:29px}.elementor-widget-heading .elementor-heading-title.elementor-size-xl{font-size:39px}.elementor-widget-heading .elementor-heading-title.elementor-size-xxl{font-size:59px}<\/style><h4 class=\"elementor-heading-title elementor-size-default\">SZOLG\u00c1LTAT\u00c1SOK<\/h4>\t\t<\/div>\n\t\t\t\t<\/div>\n\t\t\t\t\t<\/div>\n\t\t<\/div>\n\t\t\t\t\t\t\t<\/div>\n\t\t<\/section>\n\t\t\t\t<section class=\"elementor-section elementor-top-section elementor-element elementor-element-66ed750 elementor-section-boxed elementor-section-height-default elementor-section-height-default\" data-id=\"66ed750\" data-element_type=\"section\">\n\t\t\t\t\t\t<div class=\"elementor-container elementor-column-gap-default\">\n\t\t\t\t\t<div class=\"elementor-column elementor-col-50 elementor-top-column elementor-element elementor-element-6e850e2\" data-id=\"6e850e2\" data-element_type=\"column\">\n\t\t\t<div class=\"elementor-widget-wrap elementor-element-populated\">\n\t\t\t\t\t\t\t\t<div class=\"elementor-element elementor-element-e5b5704 elementor-widget elementor-widget-toggle\" data-id=\"e5b5704\" data-element_type=\"widget\" data-widget_type=\"toggle.default\">\n\t\t\t\t<div class=\"elementor-widget-container\">\n\t\t\t<style>\/*! elementor - v3.18.0 - 20-12-2023 *\/\n.elementor-toggle{text-align:left}.elementor-toggle .elementor-tab-title{font-weight:700;line-height:1;margin:0;padding:15px;border-bottom:1px solid #d5d8dc;cursor:pointer;outline:none}.elementor-toggle .elementor-tab-title .elementor-toggle-icon{display:inline-block;width:1em}.elementor-toggle .elementor-tab-title .elementor-toggle-icon svg{margin-inline-start:-5px;width:1em;height:1em}.elementor-toggle .elementor-tab-title .elementor-toggle-icon.elementor-toggle-icon-right{float:right;text-align:right}.elementor-toggle .elementor-tab-title .elementor-toggle-icon.elementor-toggle-icon-left{float:left;text-align:left}.elementor-toggle .elementor-tab-title .elementor-toggle-icon .elementor-toggle-icon-closed{display:block}.elementor-toggle .elementor-tab-title .elementor-toggle-icon .elementor-toggle-icon-opened{display:none}.elementor-toggle .elementor-tab-title.elementor-active{border-bottom:none}.elementor-toggle .elementor-tab-title.elementor-active .elementor-toggle-icon-closed{display:none}.elementor-toggle .elementor-tab-title.elementor-active .elementor-toggle-icon-opened{display:block}.elementor-toggle .elementor-tab-content{padding:15px;border-bottom:1px solid #d5d8dc;display:none}@media (max-width:767px){.elementor-toggle .elementor-tab-title{padding:12px}.elementor-toggle .elementor-tab-content{padding:12px 10px}}.e-con-inner>.elementor-widget-toggle,.e-con>.elementor-widget-toggle{width:var(--container-widget-width);--flex-grow:var(--container-widget-flex-grow)}<\/style>\t\t<div class=\"elementor-toggle\">\n\t\t\t\t\t\t\t<div class=\"elementor-toggle-item\">\n\t\t\t\t\t<div id=\"elementor-tab-title-2401\" class=\"elementor-tab-title\" data-tab=\"1\" role=\"button\" aria-controls=\"elementor-tab-content-2401\" aria-expanded=\"false\">\n\t\t\t\t\t\t\t\t\t\t\t\t<span class=\"elementor-toggle-icon elementor-toggle-icon-left\" aria-hidden=\"true\">\n\t\t\t\t\t\t\t\t\t\t\t\t\t\t\t<span class=\"elementor-toggle-icon-closed\"><i class=\"fas fa-caret-right\"><\/i><\/span>\n\t\t\t\t\t\t\t\t<span class=\"elementor-toggle-icon-opened\"><i class=\"elementor-toggle-icon-opened fas fa-caret-up\"><\/i><\/span>\n\t\t\t\t\t\t\t\t\t\t\t\t\t<\/span>\n\t\t\t\t\t\t\t\t\t\t\t\t<a class=\"elementor-toggle-title\" tabindex=\"0\">INGATLANJOG<\/a>\n\t\t\t\t\t<\/div>\n\n\t\t\t\t\t<div id=\"elementor-tab-content-2401\" class=\"elementor-tab-content elementor-clearfix\" data-tab=\"1\" role=\"region\" aria-labelledby=\"elementor-tab-title-2401\"><ul>\n<li>ad\u00e1sv\u00e9teli szerz\u0151d\u00e9s<\/li>\n<li>aj\u00e1nd\u00e9koz\u00e1si szerz\u0151d\u00e9s<\/li>\n<li>csereszerz\u0151d\u00e9s<\/li>\n<li>haszon\u00e9lvezet alap\u00edt\u00e1sa, megsz\u00fcntet\u00e9se<\/li>\n<li>b\u00e9rleti jogviszony<\/li>\n<li>k\u00f6z\u00f6s tulajdonnal kapcsolatos k\u00e9rd\u00e9sek<\/li>\n<li>t\u00e1rsash\u00e1zzal kapcsolatos k\u00e9rd\u00e9sek<\/li>\n<\/ul><\/div>\n\t\t\t\t<\/div>\n\t\t\t\t\t\t\t<div class=\"elementor-toggle-item\">\n\t\t\t\t\t<div id=\"elementor-tab-title-2402\" class=\"elementor-tab-title\" data-tab=\"2\" role=\"button\" aria-controls=\"elementor-tab-content-2402\" aria-expanded=\"false\">\n\t\t\t\t\t\t\t\t\t\t\t\t<span class=\"elementor-toggle-icon elementor-toggle-icon-left\" aria-hidden=\"true\">\n\t\t\t\t\t\t\t\t\t\t\t\t\t\t\t<span class=\"elementor-toggle-icon-closed\"><i class=\"fas fa-caret-right\"><\/i><\/span>\n\t\t\t\t\t\t\t\t<span class=\"elementor-toggle-icon-opened\"><i class=\"elementor-toggle-icon-opened fas fa-caret-up\"><\/i><\/span>\n\t\t\t\t\t\t\t\t\t\t\t\t\t<\/span>\n\t\t\t\t\t\t\t\t\t\t\t\t<a class=\"elementor-toggle-title\" tabindex=\"0\">MUNKAJOG<\/a>\n\t\t\t\t\t<\/div>\n\n\t\t\t\t\t<div id=\"elementor-tab-content-2402\" class=\"elementor-tab-content elementor-clearfix\" data-tab=\"2\" role=\"region\" aria-labelledby=\"elementor-tab-title-2402\"><ul>\n<li>tan\u00e1csad\u00e1s \u00e9s okiratszerkeszt\u00e9s munkaviszonnyal kapcsolatos k\u00e9rd\u00e9sekben<\/li>\n<li>peren k\u00edv\u00fcli- \u00e9s peres k\u00e9pviselet ell\u00e1t\u00e1sa<\/li>\n<\/ul><\/div>\n\t\t\t\t<\/div>\n\t\t\t\t\t\t\t<div class=\"elementor-toggle-item\">\n\t\t\t\t\t<div id=\"elementor-tab-title-2403\" class=\"elementor-tab-title\" data-tab=\"3\" role=\"button\" aria-controls=\"elementor-tab-content-2403\" aria-expanded=\"false\">\n\t\t\t\t\t\t\t\t\t\t\t\t<span class=\"elementor-toggle-icon elementor-toggle-icon-left\" aria-hidden=\"true\">\n\t\t\t\t\t\t\t\t\t\t\t\t\t\t\t<span class=\"elementor-toggle-icon-closed\"><i class=\"fas fa-caret-right\"><\/i><\/span>\n\t\t\t\t\t\t\t\t<span class=\"elementor-toggle-icon-opened\"><i class=\"elementor-toggle-icon-opened fas fa-caret-up\"><\/i><\/span>\n\t\t\t\t\t\t\t\t\t\t\t\t\t<\/span>\n\t\t\t\t\t\t\t\t\t\t\t\t<a class=\"elementor-toggle-title\" tabindex=\"0\">OKIRATSZERKESZT\u00c9S<\/a>\n\t\t\t\t\t<\/div>\n\n\t\t\t\t\t<div id=\"elementor-tab-content-2403\" class=\"elementor-tab-content elementor-clearfix\" data-tab=\"3\" role=\"region\" aria-labelledby=\"elementor-tab-title-2403\"><ul>\n<li>k\u00fcl\u00f6nf\u00e9le polg\u00e1ri jogi szerz\u0151d\u00e9sek (pl.: tart\u00e1si-, \u00e9letj\u00e1rad\u00e9ki szerz\u0151d\u00e9s, v\u00e1llalkoz\u00e1si- \u00e9s megb\u00edz\u00e1si szerz\u0151d\u00e9s)<\/li>\n<li>civil szervezetek l\u00e9trehoz\u00e1sa, v\u00e1ltoz\u00e1sbejegyz\u00e9se, megsz\u00fcntet\u00e9se<\/li>\n<\/ul><\/div>\n\t\t\t\t<\/div>\n\t\t\t\t\t\t\t<div class=\"elementor-toggle-item\">\n\t\t\t\t\t<div id=\"elementor-tab-title-2404\" class=\"elementor-tab-title\" data-tab=\"4\" role=\"button\" aria-controls=\"elementor-tab-content-2404\" aria-expanded=\"false\">\n\t\t\t\t\t\t\t\t\t\t\t\t<span class=\"elementor-toggle-icon elementor-toggle-icon-left\" aria-hidden=\"true\">\n\t\t\t\t\t\t\t\t\t\t\t\t\t\t\t<span class=\"elementor-toggle-icon-closed\"><i class=\"fas fa-caret-right\"><\/i><\/span>\n\t\t\t\t\t\t\t\t<span class=\"elementor-toggle-icon-opened\"><i class=\"elementor-toggle-icon-opened fas fa-caret-up\"><\/i><\/span>\n\t\t\t\t\t\t\t\t\t\t\t\t\t<\/span>\n\t\t\t\t\t\t\t\t\t\t\t\t<a class=\"elementor-toggle-title\" tabindex=\"0\">PERES K\u00c9PVISELET<\/a>\n\t\t\t\t\t<\/div>\n\n\t\t\t\t\t<div id=\"elementor-tab-content-2404\" class=\"elementor-tab-content elementor-clearfix\" data-tab=\"4\" role=\"region\" aria-labelledby=\"elementor-tab-title-2404\"><\/div>\n\t\t\t\t<\/div>\n\t\t\t\t\t\t\t\t<\/div>\n\t\t\t\t<\/div>\n\t\t\t\t<\/div>\n\t\t\t\t\t<\/div>\n\t\t<\/div>\n\t\t\t\t<div class=\"elementor-column elementor-col-50 elementor-top-column elementor-element elementor-element-401683a\" data-id=\"401683a\" data-element_type=\"column\">\n\t\t\t<div class=\"elementor-widget-wrap elementor-element-populated\">\n\t\t\t\t\t\t\t\t<div class=\"elementor-element elementor-element-6baf00f elementor-widget elementor-widget-toggle\" data-id=\"6baf00f\" data-element_type=\"widget\" data-widget_type=\"toggle.default\">\n\t\t\t\t<div class=\"elementor-widget-container\">\n\t\t\t\t\t<div class=\"elementor-toggle\">\n\t\t\t\t\t\t\t<div class=\"elementor-toggle-item\">\n\t\t\t\t\t<div id=\"elementor-tab-title-1121\" class=\"elementor-tab-title\" data-tab=\"1\" role=\"button\" aria-controls=\"elementor-tab-content-1121\" aria-expanded=\"false\">\n\t\t\t\t\t\t\t\t\t\t\t\t<span class=\"elementor-toggle-icon elementor-toggle-icon-left\" aria-hidden=\"true\">\n\t\t\t\t\t\t\t\t\t\t\t\t\t\t\t<span class=\"elementor-toggle-icon-closed\"><i class=\"fas fa-caret-right\"><\/i><\/span>\n\t\t\t\t\t\t\t\t<span class=\"elementor-toggle-icon-opened\"><i class=\"elementor-toggle-icon-opened fas fa-caret-up\"><\/i><\/span>\n\t\t\t\t\t\t\t\t\t\t\t\t\t<\/span>\n\t\t\t\t\t\t\t\t\t\t\t\t<a class=\"elementor-toggle-title\" tabindex=\"0\">T\u00c1RSAS\u00c1GI JOG<\/a>\n\t\t\t\t\t<\/div>\n\n\t\t\t\t\t<div id=\"elementor-tab-content-1121\" class=\"elementor-tab-content elementor-clearfix\" data-tab=\"1\" role=\"region\" aria-labelledby=\"elementor-tab-title-1121\"><ul>\n<li>c\u00e9galap\u00edt\u00e1s, m\u00f3dos\u00edt\u00e1s, megsz\u00fcntet\u00e9s<\/li>\n<li>c\u00e9g vagyon\u00e1ban bek\u00f6vetkezett v\u00e1ltoz\u00e1sok<\/li>\n<li>\u00fczletr\u00e9sz ad\u00e1sv\u00e9tel<\/li>\n<li>t\u00e1rsas\u00e1gi formav\u00e1lt\u00e1s<\/li>\n<li>hitelez\u0151i ig\u00e9ny\u00e9rv\u00e9nyes\u00edt\u00e9s (felsz\u00f3l\u00edt\u00e1s, fizet\u00e9si meghagy\u00e1s, felsz\u00e1mol\u00e1si elj\u00e1r\u00e1s)<\/li>\n<\/ul><\/div>\n\t\t\t\t<\/div>\n\t\t\t\t\t\t\t<div class=\"elementor-toggle-item\">\n\t\t\t\t\t<div id=\"elementor-tab-title-1122\" class=\"elementor-tab-title\" data-tab=\"2\" role=\"button\" aria-controls=\"elementor-tab-content-1122\" aria-expanded=\"false\">\n\t\t\t\t\t\t\t\t\t\t\t\t<span class=\"elementor-toggle-icon elementor-toggle-icon-left\" aria-hidden=\"true\">\n\t\t\t\t\t\t\t\t\t\t\t\t\t\t\t<span class=\"elementor-toggle-icon-closed\"><i class=\"fas fa-caret-right\"><\/i><\/span>\n\t\t\t\t\t\t\t\t<span class=\"elementor-toggle-icon-opened\"><i class=\"elementor-toggle-icon-opened fas fa-caret-up\"><\/i><\/span>\n\t\t\t\t\t\t\t\t\t\t\t\t\t<\/span>\n\t\t\t\t\t\t\t\t\t\t\t\t<a class=\"elementor-toggle-title\" tabindex=\"0\">CSAL\u00c1DJOG<\/a>\n\t\t\t\t\t<\/div>\n\n\t\t\t\t\t<div id=\"elementor-tab-content-1122\" class=\"elementor-tab-content elementor-clearfix\" data-tab=\"2\" role=\"region\" aria-labelledby=\"elementor-tab-title-1122\"><ul>\n<li>H\u00e1zass\u00e1g felbont\u00e1sa<\/li>\n<li>Sz\u00fcl\u0151i fel\u00fcgyeleti jog gyakorl\u00e1sa<\/li>\n<li>Kapcsolattart\u00e1s<\/li>\n<li>Tart\u00e1sd\u00edj<\/li>\n<li>H\u00e1zass\u00e1gi, \u00e9lett\u00e1rsi vagyonjogi meg\u00e1llapod\u00e1sok<\/li>\n<\/ul><\/div>\n\t\t\t\t<\/div>\n\t\t\t\t\t\t\t<div class=\"elementor-toggle-item\">\n\t\t\t\t\t<div id=\"elementor-tab-title-1123\" class=\"elementor-tab-title\" data-tab=\"3\" role=\"button\" aria-controls=\"elementor-tab-content-1123\" aria-expanded=\"false\">\n\t\t\t\t\t\t\t\t\t\t\t\t<span class=\"elementor-toggle-icon elementor-toggle-icon-left\" aria-hidden=\"true\">\n\t\t\t\t\t\t\t\t\t\t\t\t\t\t\t<span class=\"elementor-toggle-icon-closed\"><i class=\"fas fa-caret-right\"><\/i><\/span>\n\t\t\t\t\t\t\t\t<span class=\"elementor-toggle-icon-opened\"><i class=\"elementor-toggle-icon-opened fas fa-caret-up\"><\/i><\/span>\n\t\t\t\t\t\t\t\t\t\t\t\t\t<\/span>\n\t\t\t\t\t\t\t\t\t\t\t\t<a class=\"elementor-toggle-title\" tabindex=\"0\">\u00d6R\u00d6KL\u00c9SI JOG<\/a>\n\t\t\t\t\t<\/div>\n\n\t\t\t\t\t<div id=\"elementor-tab-content-1123\" class=\"elementor-tab-content elementor-clearfix\" data-tab=\"3\" role=\"region\" aria-labelledby=\"elementor-tab-title-1123\"><ul>\n<li>v\u00e9grendelet<\/li>\n<li>\u00f6r\u00f6kl\u00e9si szerz\u0151d\u00e9s<\/li>\n<li>hal\u00e1l eset\u00e9re sz\u00f3l\u00f3 aj\u00e1nd\u00e9koz\u00e1si szerz\u0151d\u00e9s<\/li>\n<li>hagyat\u00e9ki elj\u00e1r\u00e1s<\/li>\n<\/ul><\/div>\n\t\t\t\t<\/div>\n\t\t\t\t\t\t\t\t<\/div>\n\t\t\t\t<\/div>\n\t\t\t\t<\/div>\n\t\t\t\t\t<\/div>\n\t\t<\/div>\n\t\t\t\t\t\t\t<\/div>\n\t\t<\/section>\n\t\t\t\t<section class=\"elementor-section elementor-top-section elementor-element elementor-element-6515bb8 elementor-section-boxed elementor-section-height-default elementor-section-height-default\" data-id=\"6515bb8\" data-element_type=\"section\">\n\t\t\t\t\t\t<div class=\"elementor-container elementor-column-gap-default\">\n\t\t\t\t\t<div class=\"elementor-column elementor-col-100 elementor-top-column elementor-element elementor-element-b22ab27\" data-id=\"b22ab27\" data-element_type=\"column\">\n\t\t\t<div class=\"elementor-widget-wrap elementor-element-populated\">\n\t\t\t\t\t\t\t\t<div class=\"elementor-element elementor-element-9394968 elementor-widget elementor-widget-heading\" data-id=\"9394968\" data-element_type=\"widget\" data-widget_type=\"heading.default\">\n\t\t\t\t<div class=\"elementor-widget-container\">\n\t\t\t<h3 class=\"elementor-heading-title elementor-size-default\">KAPCSOLAT<\/h3>\t\t<\/div>\n\t\t\t\t<\/div>\n\t\t\t\t\t<\/div>\n\t\t<\/div>\n\t\t\t\t\t\t\t<\/div>\n\t\t<\/section>\n\t\t\t\t<section class=\"elementor-section elementor-top-section elementor-element elementor-element-aca91ba elementor-section-boxed elementor-section-height-default elementor-section-height-default\" data-id=\"aca91ba\" data-element_type=\"section\">\n\t\t\t\t\t\t<div class=\"elementor-container elementor-column-gap-default\">\n\t\t\t\t\t<div class=\"elementor-column elementor-col-100 elementor-top-column elementor-element elementor-element-cedbe24\" data-id=\"cedbe24\" data-element_type=\"column\">\n\t\t\t<div class=\"elementor-widget-wrap elementor-element-populated\">\n\t\t\t\t\t\t\t\t<div class=\"elementor-element elementor-element-1c1d682 elementor-widget elementor-widget-text-editor\" data-id=\"1c1d682\" data-element_type=\"widget\" data-widget_type=\"text-editor.default\">\n\t\t\t\t<div class=\"elementor-widget-container\">\n\t\t\t\t\t\t\t<p><span style=\"color: #000000;\"><b>C\u00cdM<\/b><\/span><br \/><span style=\"color: #000000;\">1123 Budapest, Alkot\u00e1s utca 37. 2. lph. 2\/9.<\/span><br \/><span style=\"color: #000000;\">bej\u00e1rat a Kiss J\u00e1nos alt\u00e1bornagy utca 19. fel\u0151l<\/span><\/p>\n<p><span style=\"color: #000000;\"><b>TELEFON<\/b><\/span><br \/><span style=\"color: #000000;\">+ 36 70\u00a0318 0783<\/span><\/p>\n<p><span style=\"color: #000000;\"><b>E-MAIL<br \/><\/b>andoandrea@ugyvedno.com<\/span><\/p>\n<p><span style=\"color: #000000;\"><b>\u00dcGYF\u00c9LFOGAD\u00c1S<\/b><\/span><br \/><span style=\"color: #000000;\">Id\u0151pont egyeztet\u00e9s c\u00e9lj\u00e1b\u00f3l sz\u00edveskedj\u00e9k a fenti el\u00e9rhet\u0151s\u00e9gek b\u00e1rmelyik\u00e9n vagy\u00a0valamelyik\u00e9n megkeresni.<\/span><\/p>\n<p><span style=\"color: #000000;\"><b>D\u00cdJAZ\u00c1S<\/b><\/span><br \/><span style=\"color: #000000;\">\u00dcgyfeleimmel t\u00f6rt\u00e9n\u0151 szem\u00e9lyes megbesz\u00e9l\u00e9s keret\u00e9ben, illetve az adott \u00fcgy\u00a0\u00e1ttanulm\u00e1nyoz\u00e1s\u00e1t k\u00f6vet\u0151en adok t\u00e1j\u00e9koztat\u00e1st.<\/span><\/p>\n<p><span style=\"color: #000000;\">T\u00e1j\u00e9koztat\u00f3 jelleggel: \u00f3rad\u00edjam 48.000 Ft.<\/span><\/p>\t\t\t\t\t\t<\/div>\n\t\t\t\t<\/div>\n\t\t\t\t\t<\/div>\n\t\t<\/div>\n\t\t\t\t\t\t\t<\/div>\n\t\t<\/section>\n\t\t\t\t<section class=\"elementor-section elementor-top-section elementor-element elementor-element-e732a81 elementor-section-boxed elementor-section-height-default elementor-section-height-default\" data-id=\"e732a81\" data-element_type=\"section\">\n\t\t\t\t\t\t<div class=\"elementor-container elementor-column-gap-default\">\n\t\t\t\t\t<div class=\"elementor-column elementor-col-100 elementor-top-column elementor-element elementor-element-5643f13\" data-id=\"5643f13\" data-element_type=\"column\">\n\t\t\t<div class=\"elementor-widget-wrap elementor-element-populated\">\n\t\t\t\t\t\t\t\t\t<\/div>\n\t\t<\/div>\n\t\t\t\t\t\t\t<\/div>\n\t\t<\/section>\n\t\t\t\t<section class=\"elementor-section elementor-top-section elementor-element elementor-element-24dc243 elementor-section-boxed elementor-section-height-default elementor-section-height-default\" data-id=\"24dc243\" data-element_type=\"section\">\n\t\t\t\t\t\t<div class=\"elementor-container elementor-column-gap-default\">\n\t\t\t\t\t<div class=\"elementor-column elementor-col-100 elementor-top-column elementor-element elementor-element-b5e7b90\" data-id=\"b5e7b90\" data-element_type=\"column\">\n\t\t\t<div class=\"elementor-widget-wrap elementor-element-populated\">\n\t\t\t\t\t\t\t\t<div class=\"elementor-element elementor-element-c7f34ea elementor-widget elementor-widget-text-editor\" data-id=\"c7f34ea\" data-element_type=\"widget\" data-widget_type=\"text-editor.default\">\n\t\t\t\t<div class=\"elementor-widget-container\">\n\t\t\t\t\t\t\t<p><span style=\"color: #000000; font-family: 'Open Sans', Helvetica, Arial, sans-serif;\"><b>Fontos inform\u00e1ci\u00f3<\/b><\/span><\/p>\n<p><span style=\"color: #000000; font-family: 'Open Sans', Helvetica, Arial, sans-serif;\">A jelen honlapon olvashat\u00f3 tartalom nem min\u0151s\u00fcl jogi tan\u00e1csad\u00e1snak.<\/span><br style=\"box-sizing: inherit; color: #777777; font-family: 'Open Sans', Helvetica, Arial, sans-serif;\" \/><span style=\"color: #000000; font-family: 'Open Sans', Helvetica, Arial, sans-serif;\">Ezt a honlapot a Budapesti \u00dcgyv\u00e9di Kamar\u00e1ban bejegyzett Dr. And\u00f3 Andrea \u00dcgyv\u00e9di Iroda tartja fenn, az \u00fcgyv\u00e9dekre vonatkoz\u00f3 jogszab\u00e1lyok \u00e9s bels\u0151 szab\u00e1lyzatok szerint, amelyek az \u00fcgyf\u00e9ljogra vonatkoz\u00f3 t\u00e1j\u00e9koztat\u00e1ssal egy\u00fctt a www.magyarugyvedikamara.hu honlapon tal\u00e1lhat\u00f3ak.<\/span><br style=\"box-sizing: inherit; color: #777777; font-family: 'Open Sans', Helvetica, Arial, sans-serif;\" \/><span style=\"color: #000000; font-family: 'Open Sans', Helvetica, Arial, sans-serif;\">Minden jog fenntartva.<\/span><\/p>\t\t\t\t\t\t<\/div>\n\t\t\t\t<\/div>\n\t\t\t\t\t<\/div>\n\t\t<\/div>\n\t\t\t\t\t\t\t<\/div>\n\t\t<\/section>\n\t\t\t\t\t\t\t<\/div>\n\t\t","protected":false},"excerpt":{"rendered":"<p>Dr. And\u00f3 Andrea vagyok, \u00fcdv\u00f6zl\u00f6m az \u00fcgyv\u00e9di irod\u00e1m honlapj\u00e1n! A 2010-ben alap\u00edtott irod\u00e1m a polg\u00e1ri jog ter\u00fclet\u00e9n ny\u00fajt sz\u00e9lesk\u00f6r\u0171 szolg\u00e1ltat\u00e1st.\u00dcgyfeleimnek leggyakrabban csal\u00e1djoggal, \u00f6r\u00f6kl\u00e9si joggal, t\u00e1rsas\u00e1gi joggal, ingatlan joggal,\u00a0valamint munkajoggal \u00f6sszef\u00fcgg\u0151 &#8230;<\/p>\n","protected":false},"author":1,"featured_media":94,"parent":0,"menu_order":0,"comment_status":"closed","ping_status":"closed","template":"","meta":[],"_links":{"self":[{"href":"https:\/\/www.ugyvedno.com\/index.php\/wp-json\/wp\/v2\/pages\/34"}],"collection":[{"href":"https:\/\/www.ugyvedno.com\/index.php\/wp-json\/wp\/v2\/pages"}],"about":[{"href":"https:\/\/www.ugyvedno.com\/index.php\/wp-json\/wp\/v2\/types\/page"}],"author":[{"embeddable":true,"href":"https:\/\/www.ugyvedno.com\/index.php\/wp-json\/wp\/v2\/users\/1"}],"replies":[{"embeddable":true,"href":"https:\/\/www.ugyvedno.com\/index.php\/wp-json\/wp\/v2\/comments?post=34"}],"version-history":[{"count":90,"href":"https:\/\/www.ugyvedno.com\/index.php\/wp-json\/wp\/v2\/pages\/34\/revisions"}],"predecessor-version":[{"id":249,"href":"https:\/\/www.ugyvedno.com\/index.php\/wp-json\/wp\/v2\/pages\/34\/revisions\/249"}],"wp:featuredmedia":[{"embeddable":true,"href":"https:\/\/www.ugyvedno.com\/index.php\/wp-json\/wp\/v2\/media\/94"}],"wp:attachment":[{"href":"https:\/\/www.ugyvedno.com\/index.php\/wp-json\/wp\/v2\/media?parent=34"}],"curies":[{"name":"wp","href":"https:\/\/api.w.org\/{rel}","templated":true}]}}